{"id":10,"date":"2020-10-08T17:50:36","date_gmt":"2020-10-08T15:50:36","guid":{"rendered":"http:\/\/szkolenia.obserwatornia.pl\/?page_id=10"},"modified":"2024-11-15T17:39:41","modified_gmt":"2024-11-15T16:39:41","slug":"kontakt","status":"publish","type":"page","link":"https:\/\/kb.strefaistnienia.pl\/index.php\/kontakt\/","title":{"rendered":"Kontakt"},"content":{"rendered":"\n<p class=\"has-text-align-center has-accent-color has-text-color has-large-font-size\"><em>Strefa Istnienia &#8211; Ewa Michalik-Karda\u015b<\/em><br>ul. Szczuki 2 lok.50<br>02-778 Warszawa<br>NIP: 951 166 33 73<\/p>\n\n\n\n<p class=\"has-text-align-center has-primary-color has-text-color\"><strong>Napisz do mnie:  <a href=\"mailto:raporteko@gmail.com\">raporteko@gmail.com<\/a><\/strong><\/p>\n\n\n\n<p class=\"has-text-align-center\"><strong>A je\u015bli wolisz &#8211; zadzwo\u0144:  <em> <\/em>+48 694 127 747<\/strong><\/p>\n\n\n\n<p class=\"has-text-align-center\">Jestem na Facebooku: <a href=\"https:\/\/www.facebook.com\/krajowabaza.emk\" target=\"_blank\" rel=\"noreferrer noopener\">KRAJOWA BAZA &#8211; KOBIZE<\/a><\/p>\n","protected":false},"excerpt":{"rendered":"<p>Strefa Istnienia &#8211; Ewa Michalik-Karda\u015bul. Szczuki 2 lok.5002-778 WarszawaNIP: 951 166 33 73 Napisz do mnie: raporteko@gmail.com A je\u015bli wolisz &#8211; zadzwo\u0144: +48 694 127 747 Jestem na Facebooku: KRAJOWA BAZA &#8211; KOBIZE<\/p>\n","protected":false},"author":1,"featured_media":0,"parent":0,"menu_order":0,"comment_status":"closed","ping_status":"closed","template":"","meta":{"footnotes":""},"class_list":["post-10","page","type-page","status-publish","hentry"],"_links":{"self":[{"href":"https:\/\/kb.strefaistnienia.pl\/index.php\/wp-json\/wp\/v2\/pages\/10","targetHints":{"allow":["GET"]}}],"collection":[{"href":"https:\/\/kb.strefaistnienia.pl\/index.php\/wp-json\/wp\/v2\/pages"}],"about":[{"href":"https:\/\/kb.strefaistnienia.pl\/index.php\/wp-json\/wp\/v2\/types\/page"}],"author":[{"embeddable":true,"href":"https:\/\/kb.strefaistnienia.pl\/index.php\/wp-json\/wp\/v2\/users\/1"}],"replies":[{"embeddable":true,"href":"https:\/\/kb.strefaistnienia.pl\/index.php\/wp-json\/wp\/v2\/comments?post=10"}],"version-history":[{"count":3,"href":"https:\/\/kb.strefaistnienia.pl\/index.php\/wp-json\/wp\/v2\/pages\/10\/revisions"}],"predecessor-version":[{"id":483,"href":"https:\/\/kb.strefaistnienia.pl\/index.php\/wp-json\/wp\/v2\/pages\/10\/revisions\/483"}],"wp:attachment":[{"href":"https:\/\/kb.strefaistnienia.pl\/index.php\/wp-json\/wp\/v2\/media?parent=10"}],"curies":[{"name":"wp","href":"https:\/\/api.w.org\/{rel}","templated":true}]}}