{"id":31,"date":"2020-10-08T17:54:42","date_gmt":"2020-10-08T15:54:42","guid":{"rendered":"http:\/\/szkolenia.obserwatornia.pl\/?page_id=31"},"modified":"2026-02-10T18:23:36","modified_gmt":"2026-02-10T17:23:36","slug":"kalendarz-szkolen","status":"publish","type":"page","link":"https:\/\/kb.strefaistnienia.pl\/index.php\/kalendarz-szkolen\/","title":{"rendered":"Kalendarz szkole\u0144 grupowych"},"content":{"rendered":"\n<figure class=\"wp-block-table alignfull is-style-stripes\"><table class=\"has-background\" style=\"background-color:#e7f5fe\"><tbody><tr><td class=\"has-text-align-center\" data-align=\"center\"><strong>Termin<\/strong><\/td><td class=\"has-text-align-center\" data-align=\"center\"><strong>Rodzaj raportu<\/strong><\/td><td class=\"has-text-align-center\" data-align=\"center\"><strong>Tytu\u0142 szkolenia<\/strong><\/td><td class=\"has-text-align-center\" data-align=\"center\"><strong>Miejsce<\/strong><\/td><td class=\"has-text-align-center\" data-align=\"center\"><strong>Czas trwania<\/strong><\/td><td class=\"has-text-align-center\" data-align=\"center\"><strong>Cena<\/strong><\/td><\/tr><tr><td class=\"has-text-align-center\" data-align=\"center\"><\/td><td class=\"has-text-align-center\" data-align=\"center\"><\/td><td class=\"has-text-align-center\" data-align=\"center\">STYCZE\u0143 2026<\/td><td class=\"has-text-align-center\" data-align=\"center\"><\/td><td class=\"has-text-align-center\" data-align=\"center\"><\/td><td class=\"has-text-align-center\" data-align=\"center\"><br><\/td><\/tr><tr><td class=\"has-text-align-center\" data-align=\"center\"><\/td><td class=\"has-text-align-center\" data-align=\"center\"><\/td><td class=\"has-text-align-center\" data-align=\"center\">X<\/td><td class=\"has-text-align-center\" data-align=\"center\"><\/td><td class=\"has-text-align-center\" data-align=\"center\"><\/td><td class=\"has-text-align-center\" data-align=\"center\"><\/td><\/tr><tr><td class=\"has-text-align-center\" data-align=\"center\"><\/td><td class=\"has-text-align-center\" data-align=\"center\"><\/td><td class=\"has-text-align-center\" data-align=\"center\">LUTY 2026<\/td><td class=\"has-text-align-center\" data-align=\"center\"><\/td><td class=\"has-text-align-center\" data-align=\"center\"><\/td><td class=\"has-text-align-center\" data-align=\"center\"><\/td><\/tr><tr><td class=\"has-text-align-center\" data-align=\"center\"><strong>2026.02.13<\/strong><\/td><td class=\"has-text-align-center\" data-align=\"center\"><strong>RS<\/strong><\/td><td class=\"has-text-align-center\" data-align=\"center\">Raportowanie do Krajowej Bazy o emisjach gaz\u00f3w cieplarnianych i innych substancji (<strong>raport standardowy<\/strong>) oraz generowanie i uzupe\u0142nianie wykazu op\u0142atowego w zakresie powietrza za pomoc\u0105 dost\u0119pnego w systemie Krajowej bazy narz\u0119dzia<\/td><td class=\"has-text-align-center\" data-align=\"center\">Online<br>(Webex)<\/td><td class=\"has-text-align-center\" data-align=\"center\">09.00- 15.15<\/td><td class=\"has-text-align-center\" data-align=\"center\">555 z\u0142<br>(zw. z VAT)<\/td><\/tr><tr><td class=\"has-text-align-center\" data-align=\"center\"><\/td><td class=\"has-text-align-center\" data-align=\"center\"><\/td><td class=\"has-text-align-center\" data-align=\"center\"><\/td><td class=\"has-text-align-center\" data-align=\"center\"><\/td><td class=\"has-text-align-center\" data-align=\"center\"><\/td><td class=\"has-text-align-center\" data-align=\"center\"><\/td><\/tr><\/tbody><\/table><\/figure>\n\n\n\n<p class=\"has-text-align-center has-background-color has-accent-background-color has-text-color has-background has-large-font-size\"><strong>Warunki uczestnictwa w szkoleniu<\/strong> <strong>grupowym<\/strong><\/p>\n\n\n\n<p class=\"has-text-align-center\"><strong>1. Przes\u0142anie wype\u0142nionego formularza jest pierwszym etapem zg\u0142oszenia.<\/strong>  <strong>Uczestnictwo w szkoleniu gwarantuje przedp\u0142ata.<\/strong><\/p>\n\n\n\n<p class=\"has-text-align-center\"><strong>P\u0142atno\u015b\u0107 powinna by\u0107 przekazana w formie przedp\u0142aty na konto firmy Strefa Istnienia &#8211; Ewa Michalik-Karda\u015b<br>mbank: 31 1140 2004 0000 3402 7971 0167<\/strong><br><strong>Tytu\u0142em:<\/strong> Szkolenie KB i data szkolenia<\/p>\n\n\n\n<p class=\"has-text-align-center\">2. <strong>Wp\u0142at\u0119 na konto potwierdzamy mailowo przed szkoleniem<\/strong>,<strong> co skutkuje przes\u0142aniem zaproszenia (linku) na szkolenie wraz <\/strong><br><strong>z pozosta\u0142ymi informacjami.<\/strong><\/p>\n\n\n\n<p class=\"has-text-align-center\"><strong><strong><strong><strong>3. Rezygnacji z udzia\u0142u w szkoleniu mo\u017cna dokona\u0107 najp\u00f3\u017aniej do godziny 12.00 w dniu roboczym poprzedzaj\u0105cym szkolenie, wy\u0142\u0105cznie w formie pisemnej, poprzez e-mail: <a href=\"mailto:raporteko@gmail.com\" target=\"_blank\" rel=\"noreferrer noopener\">raporteko@gmail.com<\/a><\/strong><br>Rezygnacja w p\u00f3\u017aniejszym terminie spowoduje zwrot wy\u0142\u0105cznie 200 z\u0142 z wniesionej przedp\u0142aty<\/strong><\/strong><\/strong>.<\/p>\n\n\n\n<p class=\"has-text-align-center\">4. <strong>Organizator mo\u017ce odwo\u0142a\u0107 szkolenie.<br>W takiej sytuacji przedp\u0142aty zostan\u0105 niezw\u0142ocznie zwr\u00f3cone na rachunki Uczestnik\u00f3w.<\/strong><\/p>\n\n\n\n<p class=\"has-text-align-center\">* Warunki powsta\u0142y dlatego, \u017ce nie ka\u017cda Osoba uczciwie wywi\u0105zuje si\u0119 z obowi\u0105zku wniesienia wynagrodzenia, gdy ma to zrobi\u0107 po szkoleniu, wi\u0119c musia\u0142am w toku dzia\u0142alno\u015bci zmodyfikowa\u0107 swoje podej\u015bcie. <br>Mam nadziej\u0119, \u017ce rozumiesz&#8230; \ud83d\ude42<\/p>\n\n\n\n<p class=\"has-text-align-center has-accent-color has-subtle-background-background-color has-text-color has-background\"><strong>OSOBY CH\u0118TNE, KT\u00d3RE ZG\u0141OSZ\u0104 TAK\u0104 POTRZEB\u0118 E-MAILOWO,<\/strong><br><strong>OTRZYMAJ\u0104 PO SZKOLENIU<\/strong><br><strong>CERTYFIKAT<\/strong>.<\/p>\n\n\n\n<div class=\"wp-block-buttons alignwide is-layout-flex wp-container-core-buttons-is-layout-1 wp-block-buttons-is-layout-flex\">\n<div class=\"wp-block-button has-custom-width wp-block-button__width-100 has-custom-font-size has-larger-font-size\"><a class=\"wp-block-button__link has-background has-text-align-center wp-element-button\" href=\"https:\/\/forms.gle\/PAz9UuHDL6zKKKX6A\" style=\"border-radius:44px;background:linear-gradient(135deg,rgb(74,234,220) 0%,rgb(151,120,209) 20%,rgb(52,19,47) 40%,rgb(238,44,130) 60%,rgb(251,105,98) 80%,rgb(254,248,76) 100%)\" target=\"_blank\" rel=\"noreferrer noopener\">ZAPISZ SI\u0118 KLIKAJ\u0104C TUTAJ !!! \ud83d\ude42<\/a><\/div>\n<\/div>\n\n\n\n<div class=\"wp-block-buttons has-custom-font-size has-larger-font-size is-content-justification-center is-layout-flex wp-container-core-buttons-is-layout-2 wp-block-buttons-is-layout-flex\"><\/div>\n","protected":false},"excerpt":{"rendered":"<p>Termin Rodzaj raportu Tytu\u0142 szkolenia Miejsce Czas trwania Cena STYCZE\u0143 2026 X LUTY 2026 2026.02.13 RS Raportowanie do Krajowej Bazy o emisjach gaz\u00f3w cieplarnianych i innych substancji (raport standardowy) oraz generowanie i uzupe\u0142nianie wykazu op\u0142atowego w zakresie powietrza za pomoc\u0105 dost\u0119pnego w systemie Krajowej bazy narz\u0119dzia Online(Webex) 09.00- 15.15 555 z\u0142(zw. z VAT) Warunki uczestnictwa [&hellip;]<\/p>\n","protected":false},"author":3,"featured_media":0,"parent":0,"menu_order":0,"comment_status":"closed","ping_status":"closed","template":"","meta":{"footnotes":""},"class_list":["post-31","page","type-page","status-publish","hentry"],"_links":{"self":[{"href":"https:\/\/kb.strefaistnienia.pl\/index.php\/wp-json\/wp\/v2\/pages\/31","targetHints":{"allow":["GET"]}}],"collection":[{"href":"https:\/\/kb.strefaistnienia.pl\/index.php\/wp-json\/wp\/v2\/pages"}],"about":[{"href":"https:\/\/kb.strefaistnienia.pl\/index.php\/wp-json\/wp\/v2\/types\/page"}],"author":[{"embeddable":true,"href":"https:\/\/kb.strefaistnienia.pl\/index.php\/wp-json\/wp\/v2\/users\/3"}],"replies":[{"embeddable":true,"href":"https:\/\/kb.strefaistnienia.pl\/index.php\/wp-json\/wp\/v2\/comments?post=31"}],"version-history":[{"count":23,"href":"https:\/\/kb.strefaistnienia.pl\/index.php\/wp-json\/wp\/v2\/pages\/31\/revisions"}],"predecessor-version":[{"id":554,"href":"https:\/\/kb.strefaistnienia.pl\/index.php\/wp-json\/wp\/v2\/pages\/31\/revisions\/554"}],"wp:attachment":[{"href":"https:\/\/kb.strefaistnienia.pl\/index.php\/wp-json\/wp\/v2\/media?parent=31"}],"curies":[{"name":"wp","href":"https:\/\/api.w.org\/{rel}","templated":true}]}}