{"id":421,"date":"2023-12-05T17:22:24","date_gmt":"2023-12-05T16:22:24","guid":{"rendered":"http:\/\/szkolenia.obserwatornia.pl\/?page_id=421"},"modified":"2025-12-15T18:18:00","modified_gmt":"2025-12-15T17:18:00","slug":"rodzaje-raportow-do-krajowej-bazy","status":"publish","type":"page","link":"https:\/\/kb.strefaistnienia.pl\/index.php\/rodzaje-raportow-do-krajowej-bazy\/","title":{"rendered":"Rodzaje raport\u00f3w do Krajowej bazy"},"content":{"rendered":"\n<figure class=\"wp-block-image size-large is-resized\"><img loading=\"lazy\" decoding=\"async\" width=\"1024\" height=\"399\" src=\"https:\/\/szkolenia.foto-wizje.pl\/wp-content\/uploads\/2023\/12\/Raport-do-Kb-1024x399.jpg\" alt=\"\" class=\"wp-image-422\" style=\"width:886px;height:344px\" srcset=\"https:\/\/kb.strefaistnienia.pl\/wp-content\/uploads\/2023\/12\/Raport-do-Kb-1024x399.jpg 1024w, https:\/\/kb.strefaistnienia.pl\/wp-content\/uploads\/2023\/12\/Raport-do-Kb-300x117.jpg 300w, https:\/\/kb.strefaistnienia.pl\/wp-content\/uploads\/2023\/12\/Raport-do-Kb-768x299.jpg 768w, https:\/\/kb.strefaistnienia.pl\/wp-content\/uploads\/2023\/12\/Raport-do-Kb-1536x599.jpg 1536w, https:\/\/kb.strefaistnienia.pl\/wp-content\/uploads\/2023\/12\/Raport-do-Kb-1200x468.jpg 1200w, https:\/\/kb.strefaistnienia.pl\/wp-content\/uploads\/2023\/12\/Raport-do-Kb.jpg 1672w\" sizes=\"auto, (max-width: 1024px) 100vw, 1024px\" \/><\/figure>\n\n\n\n<p class=\"has-text-align-center\"><strong>Raportowanie do Krajowej bazy mo\u017cna <\/strong><br><strong>wykonywa\u0107 w dw\u00f3ch wersjach:<\/strong><\/p>\n\n\n\n<p class=\"has-text-align-center\"><strong>RAPORT STANDARDOWY (RS)<\/strong> &#8211; lata: 2016-obecnie<br><strong>RAPORT UPROSZCZONY (RU)<\/strong> &#8211; od roku 2022 (w\u0142\u0105cznie)<br><\/p>\n\n\n\n<p class=\"has-text-align-center\"><strong><span style=\"color:#a10cb2\" class=\"has-inline-color\">OPIS:<\/span><\/strong><br><strong>W listopadzie 2022 roku wesz\u0142a nowa, opcjonalna wersja raportu<\/strong>&nbsp;&#8211; <strong><span class=\"has-inline-color has-accent-color\">raport uproszczony<\/span>,<\/strong> z kt\u00f3rego mog\u0105 korzysta\u0107 <strong>wy\u0142\u0105cznie<\/strong> podmioty, kt\u00f3re maj\u0105c emisyjn\u0105 aktywno\u015b\u0107 spe\u0142niaj\u0105c\u0105 kryteria:<\/p>\n\n\n\n<p class=\"has-text-align-center\"><strong>1<\/strong>. <strong><u>eksploatacja urz\u0105dze\u0144<\/u>, tj. niestacjonarnych urz\u0105dze\u0144 technicznych, w tym \u015brodk\u00f3w<\/strong> <strong>transportu,<\/strong><br>i\/lub<br><strong>2<\/strong>. <strong>prowadzi\u0142 dzia\u0142alno\u015b\u0107 w <u>nie wi\u0119cej ni\u017c 5 miejscach korzystania <\/u><\/strong><br><strong><u>ze \u015brodowiska<\/u>,<\/strong> <strong>w kt\u00f3rych <u>wy\u0142\u0105cznie<\/u>:<\/strong><br><strong>a)<\/strong> <strong>stosowa\u0142 <u>\u015brodki dezynfekcyjne<\/u><\/strong>,<br>i\/lub<br><strong>b)<\/strong> <strong>eksploatowa\u0142, w ka\u017cdym z miejsc korzystania ze \u015brodowiska, <u>nie wi\u0119cej ni\u017c 10<\/u><\/strong> <strong><u>instalacji, wy\u0142\u0105cznie spo\u015br\u00f3d instalacji<\/u> nast\u0119puj\u0105cego rodzaju:<\/strong><br><strong><u>instalacja do spalania paliw<\/u><\/strong> (<em>np. kot\u0142y, agregaty, piece do ogrzewania<\/em> <br><em>pomieszcze\u0144<\/em>) o \u0142\u0105cznej nominalnej mocy cieplnej do 0,5 MW, w kt\u00f3rej nie s\u0105<br>stosowane urz\u0105dzenia ograniczaj\u0105ce emisj\u0119 (reduktory), a emisj\u0119 <br>zanieczyszcze\u0144 mo\u017cna wyliczy\u0107 automatycznie w systemie Krajowej bazy<br>za pomoc\u0105 wska\u017anik\u00f3w emisji KOBiZE (wed\u0142ug listy paliw z za\u0142\u0105cznika 1),<\/p>\n\n\n\n<ul class=\"wp-block-list\">\n<li><strong><u>instalacja ch\u0142odnicza lub klimatyzacyjna<\/u><\/strong>, w kt\u00f3rej stwierdzono ubytek czynnika ch\u0142odniczego,<\/li>\n<\/ul>\n\n\n\n<ul class=\"wp-block-list\">\n<li><strong><u>instalacja stosowana w gastronomii<\/u><\/strong> (<em>np. kuchenki, taborety gazowe, kot\u0142y<\/em><br><em>warzelne<\/em>) o \u0142\u0105cznej nominalnej mocy cieplnej do 0,5 MW, z kt\u00f3rej emisj\u0119<br>zanieczyszcze\u0144 mo\u017cna wyliczy\u0107 automatycznie w systemie Krajowej bazy za pomoc\u0105 wska\u017anik\u00f3w emisji KOBiZE (wed\u0142ug listy paliw <br>z za\u0142\u0105cznika 2).<\/li>\n<\/ul>\n\n\n\n<p class=\"has-text-align-center\">***<\/p>\n\n\n\n<p class=\"has-text-align-center\"><strong>Za\u0142\u0105cznik 1.<\/strong> Lista <strong>paliw<\/strong> stosowanych w <strong><u>instalacji do spalania paliw<\/u><\/strong> (<em>instalacji energetycznej np. kot\u0142y, agregaty, piece do ogrzewania pomieszcze\u0144<\/em>) <br>o \u0142\u0105cznej nominalnej mocy cieplnej do 0,5 MW, dla kt\u00f3rych w systemie emisja wyliczana jest automatycznie.<\/p>\n\n\n\n<p class=\"has-text-align-center\">1. Gaz p\u0142ynny &#8211; propan, wykorzystywany jako paliwo nap\u0119dowe lub <br>do cel\u00f3w grzewczych<br>2. Gaz p\u0142ynny LPG &#8211; propan i butan skroplone, wykorzystywany jako paliwo nap\u0119dowe lub do cel\u00f3w grzewczych<br>3. Olej opa\u0142owy lekki<br>4. Oleje nap\u0119dowe do innych cel\u00f3w (paliwo \u017ceglugowe)<br>5. Oleje nap\u0119dowe do silnik\u00f3w (Diesla)<br>6. Gaz ziemny w stanie ciek\u0142ym lub gazowym, pozosta\u0142y (m.in. <br>z odmetanowania pok\u0142ad\u00f3w w\u0119gla)<br>7. Gaz ziemny w stanie ciek\u0142ym lub gazowym, wysokometanowy<br>8. Gaz ziemny w stanie ciek\u0142ym lub gazowym, zaazotowany<br>9. Biodiesel<br>10. Biogaz pozosta\u0142y<br>11. Biogaz rolniczy<br>12. Biogaz z oczyszczalni \u015bciek\u00f3w<br>13. Biogaz ze sk\u0142adowisk odpad\u00f3w<br>14. Biomasa sta\u0142a &#8211; le\u015bna<br>15. Biomasa sta\u0142a &#8211; odpady z rolnictwa<br>16. Biomasa sta\u0142a &#8211; uprawy energetyczne<br>17. W\u0119giel drzewny<br>18. Antracyt<br>19. Brykiety z w\u0119gla kamiennego i podobne paliwa sta\u0142e otrzymywane <br>z w\u0119gla kamiennego<br>20. Koks i p\u00f3\u0142koks z w\u0119gla kamiennego i brunatnego (lignitu)<br>21. W\u0119giel kamienny energetyczny, z wy\u0142\u0105czeniem brykiet\u00f3w<br>22. W\u0119giel kamienny koksuj\u0105cy, z wy\u0142\u0105czeniem brykiet\u00f3w<br>23. W\u0119giel podbitumiczny (&lt;24 GJ\/Mg)<strong><br><\/strong><\/p>\n\n\n\n<p class=\"has-text-align-center\"><strong>Za\u0142\u0105cznik 2<\/strong>. Lista <strong>paliw<\/strong> stosowanych w <strong>instalacji stosowanej <\/strong><br><strong>w gastronomii <\/strong>(innej ni\u017c energetyczna) o \u0142\u0105cznej nominalnej mocy cieplnej do 0,5 MW, dla kt\u00f3rych w systemie emisja wyliczana jest automatycznie.<\/p>\n\n\n\n<p class=\"has-text-align-center\">1. Gaz p\u0142ynny &#8211; propan, wykorzystywany jako paliwo nap\u0119dowe lub do cel\u00f3w grzewczych<br>2. Gaz p\u0142ynny LPG &#8211; propan i butan skroplone, wykorzystywany jako paliwo nap\u0119dowe lub do cel\u00f3w grzewczych<br>3. Olej opa\u0142owy lekki<br>4. Oleje nap\u0119dowe do silnik\u00f3w (Diesla)<br>5. Gaz ziemny w stanie ciek\u0142ym lub gazowym, pozosta\u0142y (m.in. <br>z  odmetanowania pok\u0142ad\u00f3w w\u0119gla)<br>6. Gaz ziemny w stanie ciek\u0142ym lub gazowym, wysokometanowy<br>7. Gaz ziemny w stanie ciek\u0142ym lub gazowym, zaazotowany<br>8. Biomasa sta\u0142a &#8211; le\u015bna<br>9. W\u0119giel drzewny<br>10. Antracyt<br>11. Brykiety z w\u0119gla kamiennego i podobne paliwa sta\u0142e otrzymywane <br>z w\u0119gla kamiennego<br>12. Koks i p\u00f3\u0142koks z w\u0119gla kamiennego i brunatnego (lignitu)<br>13. W\u0119giel kamienny energetyczny, z wy\u0142\u0105czeniem brykiet\u00f3w<br>14. W\u0119giel kamienny koksuj\u0105cy, z wy\u0142\u0105czeniem brykiet\u00f3w<br>15. W\u0119giel podbitumiczny (&lt;24 GJ\/Mg)<\/p>\n\n\n\n<p class=\"has-text-align-center\" style=\"font-size:27px\">W zwi\u0105zku z powy\u017cszymi zmianami przygotowa\u0142am <br>dwa typy szkole\u0144:<br><strong>Szkolenie standardowe<br>Szkolenie z raportu uproszczonego<\/strong><\/p>\n\n\n\n<div class=\"wp-block-buttons is-layout-flex wp-block-buttons-is-layout-flex\">\n<div class=\"wp-block-button is-style-fill\"><a class=\"wp-block-button__link has-cool-to-warm-spectrum-gradient-background has-background wp-element-button\" href=\"https:\/\/kb.strefaistnienia.pl\/index.php\/szkolenia\/\" style=\"border-radius:15px\" target=\"_blank\" rel=\"noreferrer noopener\">Zobacz informacje o szkoleniach Z raportowania <br>do krajowej bazy<\/a><\/div>\n<\/div>\n\n\n\n<p><\/p>\n","protected":false},"excerpt":{"rendered":"<p>Raportowanie do Krajowej bazy mo\u017cna wykonywa\u0107 w dw\u00f3ch wersjach: RAPORT STANDARDOWY (RS) &#8211; lata: 2016-obecnieRAPORT UPROSZCZONY (RU) &#8211; od roku 2022 (w\u0142\u0105cznie) OPIS:W listopadzie 2022 roku wesz\u0142a nowa, opcjonalna wersja raportu&nbsp;&#8211; raport uproszczony, z kt\u00f3rego mog\u0105 korzysta\u0107 wy\u0142\u0105cznie podmioty, kt\u00f3re maj\u0105c emisyjn\u0105 aktywno\u015b\u0107 spe\u0142niaj\u0105c\u0105 kryteria: 1. eksploatacja urz\u0105dze\u0144, tj. niestacjonarnych urz\u0105dze\u0144 technicznych, w tym \u015brodk\u00f3w [&hellip;]<\/p>\n","protected":false},"author":3,"featured_media":0,"parent":0,"menu_order":0,"comment_status":"closed","ping_status":"closed","template":"","meta":{"footnotes":""},"class_list":["post-421","page","type-page","status-publish","hentry"],"_links":{"self":[{"href":"https:\/\/kb.strefaistnienia.pl\/index.php\/wp-json\/wp\/v2\/pages\/421","targetHints":{"allow":["GET"]}}],"collection":[{"href":"https:\/\/kb.strefaistnienia.pl\/index.php\/wp-json\/wp\/v2\/pages"}],"about":[{"href":"https:\/\/kb.strefaistnienia.pl\/index.php\/wp-json\/wp\/v2\/types\/page"}],"author":[{"embeddable":true,"href":"https:\/\/kb.strefaistnienia.pl\/index.php\/wp-json\/wp\/v2\/users\/3"}],"replies":[{"embeddable":true,"href":"https:\/\/kb.strefaistnienia.pl\/index.php\/wp-json\/wp\/v2\/comments?post=421"}],"version-history":[{"count":1,"href":"https:\/\/kb.strefaistnienia.pl\/index.php\/wp-json\/wp\/v2\/pages\/421\/revisions"}],"predecessor-version":[{"id":533,"href":"https:\/\/kb.strefaistnienia.pl\/index.php\/wp-json\/wp\/v2\/pages\/421\/revisions\/533"}],"wp:attachment":[{"href":"https:\/\/kb.strefaistnienia.pl\/index.php\/wp-json\/wp\/v2\/media?parent=421"}],"curies":[{"name":"wp","href":"https:\/\/api.w.org\/{rel}","templated":true}]}}