{"id":9,"date":"2020-10-08T17:50:36","date_gmt":"2020-10-08T15:50:36","guid":{"rendered":"http:\/\/szkolenia.obserwatornia.pl\/?page_id=9"},"modified":"2020-11-06T19:24:20","modified_gmt":"2020-11-06T18:24:20","slug":"o-nas","status":"publish","type":"page","link":"https:\/\/kb.strefaistnienia.pl\/index.php\/o-nas\/","title":{"rendered":"O sobie"},"content":{"rendered":"\n<p class=\"has-text-align-center has-accent-color has-text-color\">Jestem absolwentk\u0105 wydzia\u0142u In\u017cynierii \u015arodowiska oraz studi\u00f3w podyplomowych Informatyka i Zarz\u0105dzanie w Ochronie \u015arodowiska Politechniki Warszawskiej,\u00a0<strong>12 lat pracowa\u0142am w KOBiZE IO\u015a-PIB \u2013<\/strong><br><strong>\u2013<\/strong>\u00a0<strong>w tym 10 lat w Zespole Zarz\u0105dzania Krajow\u0105 Baz\u0105.<\/strong><br><strong>Jestem wsp\u00f3\u0142tw\u00f3rc\u0105 systemu Krajowej bazy w obecnej formie<\/strong>,<br>tw\u00f3rc\u0105 wielu film\u00f3w instrukta\u017cowych dotycz\u0105cych wype\u0142niania raportu<br>do Krajowej bazy.<\/p>\n\n\n\n<figure class=\"wp-block-image is-style-rounded\"><img loading=\"lazy\" decoding=\"async\" width=\"1292\" height=\"1313\" src=\"https:\/\/szkolenia.foto-wizje.pl\/wp-content\/uploads\/2020\/10\/ewa.png\" alt=\"\" class=\"wp-image-112\" srcset=\"https:\/\/kb.strefaistnienia.pl\/wp-content\/uploads\/2020\/10\/ewa.png 1292w, https:\/\/kb.strefaistnienia.pl\/wp-content\/uploads\/2020\/10\/ewa-295x300.png 295w, https:\/\/kb.strefaistnienia.pl\/wp-content\/uploads\/2020\/10\/ewa-1008x1024.png 1008w, https:\/\/kb.strefaistnienia.pl\/wp-content\/uploads\/2020\/10\/ewa-768x780.png 768w, https:\/\/kb.strefaistnienia.pl\/wp-content\/uploads\/2020\/10\/ewa-1200x1220.png 1200w\" sizes=\"auto, (max-width: 1292px) 100vw, 1292px\" \/><\/figure>\n\n\n\n<p class=\"has-text-align-center has-accent-color has-text-color\"><strong>Pracuj\u0105c w KOBiZE IO\u015a-PIB przez wiele lat przeprowadzi\u0142am setki (tysi\u0105ce?) Os\u00f3b przez proces raportowania do Krajowej bazy <\/strong><br><strong>i wraz z Kolegami i Kole\u017cankami z Zespo\u0142u przeanalizowa\u0142am mn\u00f3stwo r\u00f3\u017cnych niepowtarzalnych nieraz przypadk\u00f3w.<\/strong><\/p>\n\n\n\n<p class=\"has-text-align-center has-primary-color has-text-color\"><strong>W pracy szkoleniowo-warsztatowej jestem elastyczna i czujna, zwracam uwag\u0119 zar\u00f3wno na indywidualne potrzeby Uczestnik\u00f3w, <\/strong><br><strong>jak i energi\u0119 ca\u0142ej Grupy.<\/strong><br><strong>Dzi\u0119ki swojemu do\u015bwiadczeniu zawodowemu znam nie tylko trudno\u015bci, jakie najcz\u0119\u015bciej miewaj\u0105 U\u017cytkownicy Krajowej bazy, <\/strong><br><strong>ale tak\u017ce szczeg\u00f3\u0142y dotycz\u0105ce samego systemu.<\/strong><br><br>Obecnie zawodowo zajmuj\u0119 si\u0119 nauczaniem \u2013 jestem m.in. nauczycielk\u0105 oraz dyplomowan\u0105 i do\u015bwiadczon\u0105 trenerk\u0105 \u2013 szkoleniowcem.<\/p>\n","protected":false},"excerpt":{"rendered":"<p>Jestem absolwentk\u0105 wydzia\u0142u In\u017cynierii \u015arodowiska oraz studi\u00f3w podyplomowych Informatyka i Zarz\u0105dzanie w Ochronie \u015arodowiska Politechniki Warszawskiej,\u00a012 lat pracowa\u0142am w KOBiZE IO\u015a-PIB \u2013\u2013\u00a0w tym 10 lat w Zespole Zarz\u0105dzania Krajow\u0105 Baz\u0105.Jestem wsp\u00f3\u0142tw\u00f3rc\u0105 systemu Krajowej bazy w obecnej formie,tw\u00f3rc\u0105 wielu film\u00f3w instrukta\u017cowych dotycz\u0105cych wype\u0142niania raportudo Krajowej bazy. Pracuj\u0105c w KOBiZE IO\u015a-PIB przez wiele lat przeprowadzi\u0142am setki (tysi\u0105ce?) [&hellip;]<\/p>\n","protected":false},"author":1,"featured_media":0,"parent":0,"menu_order":0,"comment_status":"closed","ping_status":"closed","template":"","meta":{"footnotes":""},"class_list":["post-9","page","type-page","status-publish","hentry"],"_links":{"self":[{"href":"https:\/\/kb.strefaistnienia.pl\/index.php\/wp-json\/wp\/v2\/pages\/9","targetHints":{"allow":["GET"]}}],"collection":[{"href":"https:\/\/kb.strefaistnienia.pl\/index.php\/wp-json\/wp\/v2\/pages"}],"about":[{"href":"https:\/\/kb.strefaistnienia.pl\/index.php\/wp-json\/wp\/v2\/types\/page"}],"author":[{"embeddable":true,"href":"https:\/\/kb.strefaistnienia.pl\/index.php\/wp-json\/wp\/v2\/users\/1"}],"replies":[{"embeddable":true,"href":"https:\/\/kb.strefaistnienia.pl\/index.php\/wp-json\/wp\/v2\/comments?post=9"}],"version-history":[{"count":0,"href":"https:\/\/kb.strefaistnienia.pl\/index.php\/wp-json\/wp\/v2\/pages\/9\/revisions"}],"wp:attachment":[{"href":"https:\/\/kb.strefaistnienia.pl\/index.php\/wp-json\/wp\/v2\/media?parent=9"}],"curies":[{"name":"wp","href":"https:\/\/api.w.org\/{rel}","templated":true}]}}