{"id":90,"date":"2020-10-09T12:27:48","date_gmt":"2020-10-09T10:27:48","guid":{"rendered":"http:\/\/szkolenia.obserwatornia.pl\/?page_id=90"},"modified":"2026-02-10T18:22:26","modified_gmt":"2026-02-10T17:22:26","slug":"dlaczego-warto-przeszkolic-sie-z-raportowania-do-krajowej-bazy-wlasnie-tu","status":"publish","type":"page","link":"https:\/\/kb.strefaistnienia.pl\/","title":{"rendered":"Szkolenia z raportowania do Krajowej bazy o emisjach gaz\u00f3w cieplarnianych i innych substancji (KOBiZE)"},"content":{"rendered":"\n<p class=\"has-text-align-center has-normal-font-size\"><strong>Naucz si\u0119 raportowania do Krajowej bazy KOBiZE<br>raz na zawsze \ud83d\ude42<\/strong><\/p>\n\n\n\n<p class=\"has-text-align-center\"><\/p>\n\n\n\n<p class=\"has-text-align-center has-background-color has-accent-background-color has-text-color has-background has-large-font-size\"><em><strong>O sobie<\/strong><\/em>:<\/p>\n\n\n\n<p class=\"has-text-align-center has-accent-color has-text-color\"><mark style=\"background-color:rgba(0, 0, 0, 0)\" class=\"has-inline-color has-primary-color\">mgr in\u017c. Ewa Michalik-Karda\u015b<\/mark><span style=\"background-color:rgba(0, 0, 0, 0)\" class=\"has-inline-color has-accent-color\"><br>Absolwentka wydzia\u0142u In\u017cynierii \u015arodowiska oraz studi\u00f3w podyplomowych Informatyka i Zarz\u0105dzanie w Ochronie \u015arodowiska Politechniki Warszawskiej, <strong>12 lat pracowa\u0142am w KOBiZE IO\u015a-PIB \u2013 <\/strong><br><strong>\u2013<\/strong> <strong>w tym 10 lat w Zespole Zarz\u0105dzania Krajow\u0105 Baz\u0105.<\/strong><\/span><\/p>\n\n\n\n<p class=\"has-text-align-center has-accent-color has-text-color\">Pracuj\u0105c w KOBiZE IO\u015a-PIB wsp\u00f3\u0142tworzy\u0142am system Krajowej bazy, ulepsza\u0142am go, analizowa\u0142am dane w nim zawarte, a w okresie raportowym wspiera\u0142am i przeprowadza\u0142am U\u017cytkownik\u00f3w Krajowej bazy w poprawnym zrealizowaniu obowi\u0105zku raportowania.<br><br><mark style=\"background-color:rgba(0, 0, 0, 0)\" class=\"has-inline-color has-primary-color\">W pracy szkoleniowo-warsztatowej jestem elastyczna i czujna, zwracam uwag\u0119 zar\u00f3wno na indywidualne potrzeby Uczestnik\u00f3w, <br>jak i potrzeby ca\u0142ej Grupy.<\/mark><br><br>Dzi\u0119ki swojemu do\u015bwiadczeniu zawodowemu znam nie tylko trudno\u015bci, jakie najcz\u0119\u015bciej miewaj\u0105 U\u017cytkownicy Krajowej bazy, <br>ale tak\u017ce szczeg\u00f3\u0142y i warte poznania niuanse dotycz\u0105ce samego systemu, kt\u00f3re s\u0105 przydatne w sprawnym wype\u0142nieniu raportu.<br><br><span style=\"background-color:rgba(0, 0, 0, 0);color:#2027dd\" class=\"has-inline-color\"><strong>Na szkoleniu pracujemy na \u017cywym organizmie &#8211; czyli <\/strong><\/span><br><span style=\"background-color:rgba(0, 0, 0, 0);color:#2027dd\" class=\"has-inline-color\"><strong>na systemie Krajowej bazy <\/strong><\/span><br><span style=\"background-color:rgba(0, 0, 0, 0);color:#2027dd\" class=\"has-inline-color\"><strong>i najwa\u017cniejsze kwestie w zakresie podej\u015bcia i poruszania si\u0119 po systemie podkre\u015blam tak, by Uczestnik nauczy\u0142 si\u0119 ich &#8222;na zawsze&#8221;.<\/strong><\/span><br><br>Obecnie, zawodowo zajmuj\u0119 si\u0119 m.in. nauczaniem i szkoleniami.<\/p>\n\n\n\n<p class=\"has-text-align-center has-background-color has-accent-background-color has-text-color has-background\" style=\"font-size:40px\"><strong><em>Oferuj\u0119:<\/em><\/strong><\/p>\n\n\n\n<p class=\"has-text-align-center has-primary-color has-text-color\" style=\"font-size:29px\">1.<strong> Grupowe szkolenia ONLINE z raportowania <\/strong><br><strong>do Krajowej bazy o emisjach gaz\u00f3w cieplarnianych i innych substancji w dw\u00f3ch wersjach:<\/strong><\/p>\n\n\n\n<p class=\"has-text-align-center has-primary-color has-text-color\" style=\"font-size:27px\"><br><span style=\"color:#a30084\" class=\"has-inline-color\"><strong>&#8211; <strong>s<\/strong>zkolenie z raportowania standardowego (RS)<br>&#8211; szkolenie z raportowania uproszczonego (RU)<\/strong><\/span><\/p>\n\n\n\n<p class=\"has-text-align-center\">***<\/p>\n\n\n\n<p class=\"has-text-align-center\" style=\"font-size:28px\"><em><strong><span class=\"has-inline-color has-accent-color\">Informacje o dw\u00f3ch typach raport\u00f3w do Krajowej bazy:<\/span><\/strong><\/em><\/p>\n\n\n\n<p class=\"has-text-align-center\" style=\"font-size:27px\"><a rel=\"noreferrer noopener\" href=\"https:\/\/szkolenia.foto-wizje.pl\/index.php\/rodzaje-raportow-do-krajowej-bazy\/\" target=\"_blank\">https:\/\/szkolenia.foto-wizje.pl\/index.php\/rodzaje-raportow-do-krajowej-bazy\/<\/a><\/p>\n\n\n\n<p class=\"has-text-align-center\" style=\"font-size:28px\"><em><strong><span class=\"has-inline-color has-accent-color\">Informacje o szkoleniach: <\/span><\/strong><\/em><\/p>\n\n\n\n<p class=\"has-text-align-center\" style=\"font-size:27px\"><a rel=\"noreferrer noopener\" href=\"https:\/\/szkolenia.foto-wizje.pl\/index.php\/szkolenia\/\" target=\"_blank\">https:\/\/szkolenia.foto-wizje.pl\/index.php\/szkolenia\/<\/a><\/p>\n\n\n\n<p class=\"has-text-align-center\">***<\/p>\n\n\n\n<p class=\"has-text-align-center has-primary-color has-text-color has-large-font-size\">2. <strong>Spersonalizowane szkolenia &#8211; nauka wykonywania raportu;<\/strong> <br><em>Kontakt: <\/em>raporteko@gmail.com <br><em>lub telefonicznie:<\/em> 694 127 747<br><\/p>\n\n\n\n<p class=\"has-text-align-center\"><span style=\"background-color:rgba(0, 0, 0, 0);color:#2d8728\" class=\"has-inline-color\"><strong>NAUCZ SI\u0118 RAPORTOWANIA &#8222;RAZ &#8211; NA ZAWSZE&#8221;<\/strong><br><strong> \ud83d\ude42<\/strong><\/span><\/p>\n\n\n\n<p class=\"has-text-align-center has-accent-background-color has-background has-large-font-size\"><strong><em>Informacje o raportowaniu do Krajowej bazy:<\/em><\/strong><\/p>\n\n\n\n<p class=\"has-text-align-center\"><strong>Raport <\/strong>do<strong> Krajowej bazy<\/strong> <strong>o emisjach gaz\u00f3w cieplarnianych i innych substancji<\/strong> (elektronicznej platformy funkcjonuj\u0105cej w KOBiZE IO\u015a-PIB), sk\u0142ada si\u0119 corocznie i <strong>jest <\/strong>on <strong>obowi\u0105zkowy dla wszystkich podmiot\u00f3w, kt\u00f3rych dzia\u0142alno\u015b\u0107 powoduje emisje zanieczyszcze\u0144 do powietrza <\/strong><em>oraz <\/em><strong>os\u00f3b fizycznych nieb\u0119d\u0105cych przedsi\u0119bior\u0105, je\u015bli eksploatuj\u0105<\/strong> <strong>instalacj\u0119 wymagaj\u0105c\u0105 pozwolenia na wprowadzanie gaz\u00f3w lub py\u0142\u00f3w do powietrza lub pozwolenia zintegrowanego lub \u017ar\u00f3d\u0142o\/\u017ar\u00f3d\u0142a spalania paliw, o kt\u00f3rym\/kt\u00f3rych mowa w art. 152 ust. 2b ustawy z dnia 27 kwietnia 2001 roku \u2013 Prawo ochrony \u015brodowiska<\/strong> <strong>(nominalna moc cieplna \u017ar\u00f3d\u0142a\/\u017ar\u00f3de\u0142 liczona \u0142\u0105cznie:<\/strong><br><strong> od 1 MW, a mniejsza ni\u017c 50 MW)<\/strong> <br><em>(art. 7 ustawy o systemie zarz\u0105dzania emisjami gaz\u00f3w cieplarnianych i innych substancji)<\/em>.<\/p>\n\n\n\n<p class=\"has-text-align-center has-text-color\" style=\"color:#178533\"><strong><span style=\"color:#127e1f\" class=\"has-inline-color\">Nie ma znaczenia jak ma\u0142a jest emisja zanieczyszcze\u0144, bo w przepisach nie ustalono minimalnych warto\u015bci zanieczyszcze\u0144 ani innych warto\u015bci progowych.<\/span><\/strong><\/p>\n\n\n\n<p class=\"has-text-align-center\">Raport do Krajowej bazy nale\u017cy sk\u0142ada\u0107 <strong>do ko\u0144ca lutego ka\u017cdego roku<\/strong> <br>i uzupe\u0142nia\u0107 danymi z roku poprzedniego.<\/p>\n\n\n\n<p class=\"has-text-align-center has-accent-background-color has-background has-large-font-size\"><strong><em>Jakie przyk\u0142dowe dzia\u0142alno\u015b\u0107 powoduje emisj\u0119?<\/em><\/strong><\/p>\n\n\n\n<p class=\"has-text-align-center has-primary-color has-text-color\"><span style=\"background-color:rgba(0, 0, 0, 0);color:#155ad2\" class=\"has-inline-color\">Emisj\u0119 powoduj\u0105 zar\u00f3wno procesy spalania, liczne procesy technologiczne oraz u\u017cywanie wielu produkt\u00f3w.<\/span><br><span style=\"background-color:rgba(0, 0, 0, 0);color:#155ad2\" class=\"has-inline-color\">Emituj\u0105 m.in.: samochody (s\u0142u\u017cbowe i leasingowane), inne urz\u0105dzenia z silnikiem spalinowym (np. kosiarki), <br>klimatyzacje, kot\u0142y ciep\u0142ownicze, instalacje u\u017cywane w sektorze spo\u017cywczym i gastronomicznym, wszelkiego typu piece <br>(gazowe, na paliwa sta\u0142e, olejowe, eko), <br>nagrzewnice, promienniki, agregaty pr\u0105dotw\u00f3rcze <br>i inne instalacje\/urz\u0105dzenia, zbiorniki materia\u0142\u00f3w sypkich, spawanie, klejenie, malowanie, lutowanie, lakierowanie, wiele proces\u00f3w produkcyjnych i przetw\u00f3rstwo, oczyszczalnie \u015bciek\u00f3w i sk\u0142adowiska.<br>Emisyjna jest tak\u017ce dzia\u0142alno\u015b\u0107 poza instalacjami i urz\u0105dzeniami <br>\u2013 np.: r\u0119czne malowanie, konserwacja element\u00f3w instalacji, zu\u017cycie rozpuszczalnik\u00f3w i innych zwi\u0105zk\u00f3w lotnych, dezynfekowanie biura i r\u0105k&#8230;. <br>Wszystko, co idzie do powietrza.<\/span><\/p>\n\n\n\n<p class=\"has-text-align-center\"><strong>Emisja mo\u017ce by\u0107 nawet minimalna: nie ma w przepisach prawa ustanowionych \u017cadnych warto\u015bci minimalnych ani progowych, kt\u00f3re zwalnia\u0142yby z obowi\u0105zku raportowania do Krajowej bazy.<\/strong><\/p>\n\n\n\n<p class=\"has-text-align-center has-background-color has-accent-background-color has-text-color has-background has-large-font-size\"><strong>Op\u0142aty za korzystanie ze \u015broodowiska<\/strong><\/p>\n\n\n\n<p class=\"has-text-align-center\"><strong>Od 1 stycznia 2019 r., podmioty<\/strong> korzystaj\u0105ce ze \u015brodowiska, wprowadzaj\u0105ce gazy lub py\u0142y do powietrza<strong> s\u0105 obowi\u0105zane do przed\u0142o\u017cenia marsza\u0142kowi wojew\u00f3dztwa wykazu op\u0142atowego za korzystanie ze \u015brodowiska (<em>w zakresie powietrza<\/em>) sporz\u0105dzonego na podstawie informacji zawartych w raporcie do KOBiZE <\/strong><br><em>(art. 286 ust. 3 ustawy Prawo ochrony \u015brodowiska)<\/em><\/p>\n\n\n\n<p class=\"has-text-align-center\"><strong>Brak raportowania mo\u017ce po\u015brednio skutkowa\u0107 sankcj\u0105 za niesporz\u0105dzenie raportu do Krajowej bazy lub sankcj\u0105 za niez\u0142o\u017cenie wykazu opa\u0142owego i\/lub niewniesienie op\u0142at.<\/strong><\/p>\n\n\n\n<p class=\"has-text-align-center has-background-color has-accent-background-color has-text-color has-background has-large-font-size\"><strong>Warunki uczestnictwa w szkoleniu<\/strong> <strong>grupowym<\/strong><\/p>\n\n\n\n<p class=\"has-text-align-center\"><strong>1. Przes\u0142anie wype\u0142nionego formularza jest pierwszym etapem zg\u0142oszenia.<\/strong>  <strong>Uczestnictwo w szkoleniu gwarantuje przedp\u0142ata.<\/strong><\/p>\n\n\n\n<p class=\"has-text-align-center\"><strong>P\u0142atno\u015b\u0107 powinna by\u0107 przekazana w formie przedp\u0142aty na konto firmy Strefa Istnienia &#8211; Ewa Michalik-Karda\u015b<br>mbank: 31 1140 2004 0000 3402 7971 0167<\/strong><br><strong>Tytu\u0142em:<\/strong> Szkolenie KB + data szkolenia<\/p>\n\n\n\n<p class=\"has-text-align-center\">2. <strong>Wp\u0142at\u0119 na konto potwierdzamy mailowo przed szkoleniem<\/strong>, <strong>co skutkuje przes\u0142aniem zaproszenia (linku) na szkolenie wraz <\/strong><br><strong>z innymi informacjami szkoleniowymi<\/strong><\/p>\n\n\n\n<p class=\"has-text-align-center\"><strong><strong><strong><strong>3. Rezygnacji z udzia\u0142u w szkoleniu mo\u017cna dokona\u0107 najp\u00f3\u017aniej do godziny 12.00 w dniu roboczym poprzedzaj\u0105cym szkolenie, wy\u0142\u0105cznie w formie pisemnej, poprzez e-mail: <a href=\"mailto:raporteko@gmail.com\" target=\"_blank\" rel=\"noreferrer noopener\">raporteko@gmail.com<\/a><\/strong><br>Rezygnacja w p\u00f3\u017aniejszym terminie spowoduje zwrot wy\u0142\u0105cznie 200 z\u0142 z wniesionej przedp\u0142aty<\/strong><\/strong><\/strong>.<\/p>\n\n\n\n<p class=\"has-text-align-center\">4. <strong>Organizator mo\u017ce odwo\u0142a\u0107 szkolenie.<br>W takiej sytuacji przedp\u0142aty zostan\u0105 niezw\u0142ocznie zwr\u00f3cone na rachunki Uczestnik\u00f3w.<\/strong><\/p>\n\n\n\n<p class=\"has-text-align-center\">* Warunki powsta\u0142y dlatego, \u017ce nie ka\u017cda Osoba uczciwie wywi\u0105zuje si\u0119 z obowi\u0105zku wniesienia wynagrodzenia, gdy ma to zrobi\u0107 po szkoleniu, wi\u0119c musia\u0142am w toku dzia\u0142alno\u015bci zmodyfikowa\u0107 swoje podej\u015bcie. <br>Mam nadziej\u0119, \u017ce rozumiesz&#8230; \ud83d\ude42<\/p>\n\n\n\n<p class=\"has-text-align-center has-accent-color has-subtle-background-background-color has-text-color has-background\"><strong><span style=\"color:#6f1bd5\" class=\"has-inline-color\">UWAGA! <\/span><\/strong><br><strong>OSOBY CH\u0118TNE, KT\u00d3RE ZG\u0141OSZ\u0104 TAK\u0104 POTRZEB\u0118 E-MAILOWO,<\/strong><br><strong>OTRZYMAJ\u0104 PO SZKOLENIU<\/strong><br><strong>CERTYFIKAT<\/strong>.<\/p>\n\n\n\n<div class=\"wp-block-buttons is-layout-flex wp-block-buttons-is-layout-flex\">\n<div class=\"wp-block-button\"><a class=\"wp-block-button__link has-cool-to-warm-spectrum-gradient-background has-background wp-element-button\" href=\"https:\/\/kb.strefaistnienia.pl\/index.php\/rodzaje-raportow-do-krajowej-bazy\/\" style=\"border-radius:20px\" target=\"_blank\" rel=\"noreferrer noopener\">S\u0104 DWA TYPY SZKOLE\u0143 Z KRAJOWEJ BAZY &#8211; KLIKNIJ ABY O NICH PRZECZYTA\u0106 <\/a><\/div>\n<\/div>\n\n\n\n<p><\/p>\n","protected":false},"excerpt":{"rendered":"<p>Naucz si\u0119 raportowania do Krajowej bazy KOBiZEraz na zawsze \ud83d\ude42 O sobie: mgr in\u017c. Ewa Michalik-Karda\u015bAbsolwentka wydzia\u0142u In\u017cynierii \u015arodowiska oraz studi\u00f3w podyplomowych Informatyka i Zarz\u0105dzanie w Ochronie \u015arodowiska Politechniki Warszawskiej, 12 lat pracowa\u0142am w KOBiZE IO\u015a-PIB \u2013 \u2013 w tym 10 lat w Zespole Zarz\u0105dzania Krajow\u0105 Baz\u0105. Pracuj\u0105c w KOBiZE IO\u015a-PIB wsp\u00f3\u0142tworzy\u0142am system Krajowej bazy, [&hellip;]<\/p>\n","protected":false},"author":3,"featured_media":0,"parent":0,"menu_order":0,"comment_status":"closed","ping_status":"closed","template":"","meta":{"footnotes":""},"class_list":["post-90","page","type-page","status-publish","hentry"],"_links":{"self":[{"href":"https:\/\/kb.strefaistnienia.pl\/index.php\/wp-json\/wp\/v2\/pages\/90","targetHints":{"allow":["GET"]}}],"collection":[{"href":"https:\/\/kb.strefaistnienia.pl\/index.php\/wp-json\/wp\/v2\/pages"}],"about":[{"href":"https:\/\/kb.strefaistnienia.pl\/index.php\/wp-json\/wp\/v2\/types\/page"}],"author":[{"embeddable":true,"href":"https:\/\/kb.strefaistnienia.pl\/index.php\/wp-json\/wp\/v2\/users\/3"}],"replies":[{"embeddable":true,"href":"https:\/\/kb.strefaistnienia.pl\/index.php\/wp-json\/wp\/v2\/comments?post=90"}],"version-history":[{"count":12,"href":"https:\/\/kb.strefaistnienia.pl\/index.php\/wp-json\/wp\/v2\/pages\/90\/revisions"}],"predecessor-version":[{"id":552,"href":"https:\/\/kb.strefaistnienia.pl\/index.php\/wp-json\/wp\/v2\/pages\/90\/revisions\/552"}],"wp:attachment":[{"href":"https:\/\/kb.strefaistnienia.pl\/index.php\/wp-json\/wp\/v2\/media?parent=90"}],"curies":[{"name":"wp","href":"https:\/\/api.w.org\/{rel}","templated":true}]}}